{"id":2097,"date":"2026-04-01T09:14:26","date_gmt":"2026-04-01T09:14:26","guid":{"rendered":"https:\/\/lifex.rwdesarrollos2.es\/contact\/"},"modified":"2026-05-12T12:54:40","modified_gmt":"2026-05-12T12:54:40","slug":"contact","status":"publish","type":"page","link":"https:\/\/lifexmallorca.com\/en\/contact\/","title":{"rendered":"Contact"},"content":{"rendered":"\t\t<div data-elementor-type=\"wp-page\" data-elementor-id=\"2097\" class=\"elementor elementor-2097 elementor-162\" data-elementor-post-type=\"page\">\n\t\t\t\t<div class=\"elementor-element elementor-element-43b69ed e-con-full e-flex e-con e-parent\" data-id=\"43b69ed\" data-element_type=\"container\" data-e-type=\"container\" data-settings=\"{&quot;background_background&quot;:&quot;classic&quot;}\">\n\t\t<div class=\"elementor-element elementor-element-cb7ef4f e-flex e-con-boxed e-con e-child\" data-id=\"cb7ef4f\" data-element_type=\"container\" data-e-type=\"container\" data-settings=\"{&quot;background_background&quot;:&quot;classic&quot;}\">\n\t\t\t\t\t<div class=\"e-con-inner\">\n\t\t\t\t<div class=\"elementor-element elementor-element-4514aa7 elementor-widget elementor-widget-heading\" data-id=\"4514aa7\" data-element_type=\"widget\" data-e-type=\"widget\" data-widget_type=\"heading.default\">\n\t\t\t\t\t<h1 class=\"elementor-heading-title elementor-size-default\">Contact<\/h1>\t\t\t\t<\/div>\n\t\t\t\t<div class=\"elementor-element elementor-element-efee2d0 elementor-align-center elementor-widget elementor-widget-breadcrumbs\" data-id=\"efee2d0\" data-element_type=\"widget\" data-e-type=\"widget\" data-widget_type=\"breadcrumbs.default\">\n\t\t\t\t\t<p id=\"breadcrumbs\"><span><span><a href=\"https:\/\/lifexmallorca.com\/en\/home\/\">Inicio<\/a><\/span><\/span><\/p>\t\t\t\t<\/div>\n\t\t\t\t\t<\/div>\n\t\t\t\t<\/div>\n\t\t\t\t<\/div>\n\t\t<div class=\"elementor-element elementor-element-30520ec e-con-full e-flex e-con e-parent\" data-id=\"30520ec\" data-element_type=\"container\" data-e-type=\"container\" data-settings=\"{&quot;background_background&quot;:&quot;classic&quot;}\">\n\t\t<div class=\"elementor-element elementor-element-c2f7f4d e-con-full e-flex e-con e-child\" data-id=\"c2f7f4d\" data-element_type=\"container\" data-e-type=\"container\" data-settings=\"{&quot;background_background&quot;:&quot;classic&quot;}\">\n\t\t<div class=\"elementor-element elementor-element-56979f6 e-con-full e-flex e-con e-child\" data-id=\"56979f6\" data-element_type=\"container\" data-e-type=\"container\" data-settings=\"{&quot;background_background&quot;:&quot;classic&quot;}\">\n\t\t\t\t<div class=\"elementor-element elementor-element-c9723a7 elementor-widget elementor-widget-heading\" data-id=\"c9723a7\" data-element_type=\"widget\" data-e-type=\"widget\" data-widget_type=\"heading.default\">\n\t\t\t\t\t<h2 class=\"elementor-heading-title elementor-size-default\">Be part of the Lifex experience<\/h2>\t\t\t\t<\/div>\n\t\t\t\t<div class=\"elementor-element elementor-element-7bcbc5f elementor-widget__width-initial elementor-widget elementor-widget-text-editor\" data-id=\"7bcbc5f\" data-element_type=\"widget\" data-e-type=\"widget\" data-widget_type=\"text-editor.default\">\n\t\t\t\t\t\t\t\t\t<p>LIFEX is more than just an event; it\u2019s an experience designed for those looking to develop. Let us know how you\u2019d like to get involved and our team will be in touch. <\/p>\t\t\t\t\t\t\t\t<\/div>\n\t\t\t\t<\/div>\n\t\t<div class=\"elementor-element elementor-element-dc89679 e-con-full e-flex e-con e-child\" data-id=\"dc89679\" data-element_type=\"container\" data-e-type=\"container\">\n\t\t<div class=\"elementor-element elementor-element-f10d1a4 e-con-full e-flex e-con e-child\" data-id=\"f10d1a4\" data-element_type=\"container\" data-e-type=\"container\">\n\t\t<div class=\"elementor-element elementor-element-2392cae e-con-full e-flex e-con e-child\" data-id=\"2392cae\" data-element_type=\"container\" data-e-type=\"container\">\n\t\t\t\t<div class=\"elementor-element elementor-element-edf9a7a elementor-widget elementor-widget-heading\" data-id=\"edf9a7a\" data-element_type=\"widget\" data-e-type=\"widget\" data-widget_type=\"heading.default\">\n\t\t\t\t\t<h2 class=\"elementor-heading-title elementor-size-default\">Address<\/h2>\t\t\t\t<\/div>\n\t\t\t\t<div class=\"elementor-element elementor-element-92f9452 elementor-widget__width-initial elementor-widget-laptop__width-inherit elementor-widget-tablet__width-initial elementor-widget elementor-widget-text-editor\" data-id=\"92f9452\" data-element_type=\"widget\" data-e-type=\"widget\" data-widget_type=\"text-editor.default\">\n\t\t\t\t\t\t\t\t\t<p><a href=\"https:\/\/maps.app.goo.gl\/JkTNsHSsKczx1B3g7\">Cam\u00ed Vell de llucmajor, 112 07007 Palma de Mallorca Balearic Islands, Spain.<\/a><\/p>\t\t\t\t\t\t\t\t<\/div>\n\t\t\t\t<\/div>\n\t\t<div class=\"elementor-element elementor-element-7514c5e e-con-full e-flex e-con e-child\" data-id=\"7514c5e\" data-element_type=\"container\" data-e-type=\"container\">\n\t\t\t\t<div class=\"elementor-element elementor-element-721752a elementor-widget elementor-widget-heading\" data-id=\"721752a\" data-element_type=\"widget\" data-e-type=\"widget\" data-widget_type=\"heading.default\">\n\t\t\t\t\t<h2 class=\"elementor-heading-title elementor-size-default\">Contact<\/h2>\t\t\t\t<\/div>\n\t\t\t\t<div class=\"elementor-element elementor-element-5dc5214 elementor-widget__width-initial elementor-widget elementor-widget-text-editor\" data-id=\"5dc5214\" data-element_type=\"widget\" data-e-type=\"widget\" data-widget_type=\"text-editor.default\">\n\t\t\t\t\t\t\t\t\t<p><a href=\"tel:34971545698\">(+34) 971 545 698<\/a><\/p>\t\t\t\t\t\t\t\t<\/div>\n\t\t\t\t<div class=\"elementor-element elementor-element-cb086a2 elementor-widget__width-initial elementor-widget elementor-widget-text-editor\" data-id=\"cb086a2\" data-element_type=\"widget\" data-e-type=\"widget\" data-widget_type=\"text-editor.default\">\n\t\t\t\t\t\t\t\t\t<p><a href=\"mailto:info@lifexmallorca.com\">info@lifexmallorca.com<\/a><\/p>\t\t\t\t\t\t\t\t<\/div>\n\t\t\t\t<div class=\"elementor-element elementor-element-5be6ed9 elementor-grid-widescreen-4 elementor-grid-tablet-1 e-grid-align-tablet-left elementor-shape-square e-grid-align-left elementor-widget__width-inherit e-grid-align-mobile-center elementor-grid-0 elementor-widget elementor-widget-social-icons\" data-id=\"5be6ed9\" data-element_type=\"widget\" data-e-type=\"widget\" id=\"iconos_sociales_pagina_contacto\" data-widget_type=\"social-icons.default\">\n\t\t\t\t\t\t\t<div class=\"elementor-social-icons-wrapper elementor-grid\" role=\"list\">\n\t\t\t\t\t\t\t<span class=\"elementor-grid-item\" role=\"listitem\">\n\t\t\t\t\t<a class=\"elementor-icon elementor-social-icon elementor-social-icon-instagram elementor-repeater-item-f052b73\" href=\"https:\/\/www.instagram.com\/lifexmallorca\/\" target=\"_blank\">\n\t\t\t\t\t\t<span class=\"elementor-screen-only\">Instagram<\/span>\n\t\t\t\t\t\t<svg aria-hidden=\"true\" class=\"e-font-icon-svg e-fab-instagram\" viewBox=\"0 0 448 512\" xmlns=\"http:\/\/www.w3.org\/2000\/svg\"><path d=\"M224.1 141c-63.6 0-114.9 51.3-114.9 114.9s51.3 114.9 114.9 114.9S339 319.5 339 255.9 287.7 141 224.1 141zm0 189.6c-41.1 0-74.7-33.5-74.7-74.7s33.5-74.7 74.7-74.7 74.7 33.5 74.7 74.7-33.6 74.7-74.7 74.7zm146.4-194.3c0 14.9-12 26.8-26.8 26.8-14.9 0-26.8-12-26.8-26.8s12-26.8 26.8-26.8 26.8 12 26.8 26.8zm76.1 27.2c-1.7-35.9-9.9-67.7-36.2-93.9-26.2-26.2-58-34.4-93.9-36.2-37-2.1-147.9-2.1-184.9 0-35.8 1.7-67.6 9.9-93.9 36.1s-34.4 58-36.2 93.9c-2.1 37-2.1 147.9 0 184.9 1.7 35.9 9.9 67.7 36.2 93.9s58 34.4 93.9 36.2c37 2.1 147.9 2.1 184.9 0 35.9-1.7 67.7-9.9 93.9-36.2 26.2-26.2 34.4-58 36.2-93.9 2.1-37 2.1-147.8 0-184.8zM398.8 388c-7.8 19.6-22.9 34.7-42.6 42.6-29.5 11.7-99.5 9-132.1 9s-102.7 2.6-132.1-9c-19.6-7.8-34.7-22.9-42.6-42.6-11.7-29.5-9-99.5-9-132.1s-2.6-102.7 9-132.1c7.8-19.6 22.9-34.7 42.6-42.6 29.5-11.7 99.5-9 132.1-9s102.7-2.6 132.1 9c19.6 7.8 34.7 22.9 42.6 42.6 11.7 29.5 9 99.5 9 132.1s2.7 102.7-9 132.1z\"><\/path><\/svg>\t\t\t\t\t<\/a>\n\t\t\t\t<\/span>\n\t\t\t\t\t\t\t<span class=\"elementor-grid-item\" role=\"listitem\">\n\t\t\t\t\t<a class=\"elementor-icon elementor-social-icon elementor-social-icon-facebook elementor-repeater-item-7b1bd59\" href=\"https:\/\/www.facebook.com\/profile.php?id=61575740889559\" target=\"_blank\">\n\t\t\t\t\t\t<span class=\"elementor-screen-only\">Facebook<\/span>\n\t\t\t\t\t\t<svg aria-hidden=\"true\" class=\"e-font-icon-svg e-fab-facebook\" viewBox=\"0 0 512 512\" xmlns=\"http:\/\/www.w3.org\/2000\/svg\"><path d=\"M504 256C504 119 393 8 256 8S8 119 8 256c0 123.78 90.69 226.38 209.25 245V327.69h-63V256h63v-54.64c0-62.15 37-96.48 93.67-96.48 27.14 0 55.52 4.84 55.52 4.84v61h-31.28c-30.8 0-40.41 19.12-40.41 38.73V256h68.78l-11 71.69h-57.78V501C413.31 482.38 504 379.78 504 256z\"><\/path><\/svg>\t\t\t\t\t<\/a>\n\t\t\t\t<\/span>\n\t\t\t\t\t\t\t<span class=\"elementor-grid-item\" role=\"listitem\">\n\t\t\t\t\t<a class=\"elementor-icon elementor-social-icon elementor-social-icon-linkedin elementor-repeater-item-482114e\" href=\"#\" target=\"_blank\">\n\t\t\t\t\t\t<span class=\"elementor-screen-only\">Linkedin<\/span>\n\t\t\t\t\t\t<svg aria-hidden=\"true\" class=\"e-font-icon-svg e-fab-linkedin\" viewBox=\"0 0 448 512\" xmlns=\"http:\/\/www.w3.org\/2000\/svg\"><path d=\"M416 32H31.9C14.3 32 0 46.5 0 64.3v383.4C0 465.5 14.3 480 31.9 480H416c17.6 0 32-14.5 32-32.3V64.3c0-17.8-14.4-32.3-32-32.3zM135.4 416H69V202.2h66.5V416zm-33.2-243c-21.3 0-38.5-17.3-38.5-38.5S80.9 96 102.2 96c21.2 0 38.5 17.3 38.5 38.5 0 21.3-17.2 38.5-38.5 38.5zm282.1 243h-66.4V312c0-24.8-.5-56.7-34.5-56.7-34.6 0-39.9 27-39.9 54.9V416h-66.4V202.2h63.7v29.2h.9c8.9-16.8 30.6-34.5 62.9-34.5 67.2 0 79.7 44.3 79.7 101.9V416z\"><\/path><\/svg>\t\t\t\t\t<\/a>\n\t\t\t\t<\/span>\n\t\t\t\t\t\t\t<span class=\"elementor-grid-item\" role=\"listitem\">\n\t\t\t\t\t<a class=\"elementor-icon elementor-social-icon elementor-social-icon-icons8-tik-tok Lifex elementor-repeater-item-ad603e6\" href=\"#\" target=\"_blank\">\n\t\t\t\t\t\t<span class=\"elementor-screen-only\">Icons8-tik-tok Lifex<\/span>\n\t\t\t\t\t\t<svg xmlns=\"http:\/\/www.w3.org\/2000\/svg\" fill=\"currentColor\" viewBox=\"0 0 50 50\" width=\"50px\" height=\"50px\"><path d=\"M41,4H9C6.243,4,4,6.243,4,9v32c0,2.757,2.243,5,5,5h32c2.757,0,5-2.243,5-5V9C46,6.243,43.757,4,41,4z M37.006,22.323 c-0.227,0.021-0.457,0.035-0.69,0.035c-2.623,0-4.928-1.349-6.269-3.388c0,5.349,0,11.435,0,11.537c0,4.709-3.818,8.527-8.527,8.527 s-8.527-3.818-8.527-8.527s3.818-8.527,8.527-8.527c0.178,0,0.352,0.016,0.527,0.027v4.202c-0.175-0.021-0.347-0.053-0.527-0.053 c-2.404,0-4.352,1.948-4.352,4.352s1.948,4.352,4.352,4.352s4.527-1.894,4.527-4.298c0-0.095,0.042-19.594,0.042-19.594h4.016 c0.378,3.591,3.277,6.425,6.901,6.685V22.323z\"><\/path><\/svg>\t\t\t\t\t<\/a>\n\t\t\t\t<\/span>\n\t\t\t\t\t<\/div>\n\t\t\t\t\t\t<\/div>\n\t\t\t\t<\/div>\n\t\t\t\t<\/div>\n\t\t\t\t<div class=\"elementor-element elementor-element-7617a45 elementor-widget__width-inherit elementor-widget elementor-widget-jet-form-builder-form\" data-id=\"7617a45\" data-element_type=\"widget\" data-e-type=\"widget\" id=\"formulario_pagina_contacto\" data-widget_type=\"jet-form-builder-form.default\">\n\t\t\t\t<div class=\"elementor-widget-container\">\n\t\t\t\t\t<link rel='stylesheet' id='wp-block-library-css' href='https:\/\/lifexmallorca.com\/wp-includes\/css\/dist\/block-library\/style.min.css?ver=6.9.4' media='all' \/>\n<style id=\"jet-form-builder-1580-inline-css\"><\/style><form  class=\"jet-form-builder layout-column submit-type-ajax\" action=\"https:\/\/lifexmallorca.com\/en\/wp-json\/wp\/v2\/pages\/2097\/?0v1ij1=05GU3wZ3zo17&amp;method=reload\" method=\"POST\" data-form-id=\"1580\" data-layout=\"column\" enctype=\"multipart\/form-data\" novalidate=\"null\" ssr_validation_method=\"rest\"><input type=\"hidden\" id=\"_wpnonce\" name=\"_wpnonce\" value=\"a5ad0d495a\" \/><input type=\"hidden\" name=\"_wp_http_referer\" value=\"\/en\/wp-json\/wp\/v2\/pages\/2097\" \/>\r\n<input type=\"hidden\" name=\"_jfb_current_render_states[]\" value=\"DEFAULT.STATE\" data-jfb-sync \/><input type=\"hidden\" class=\"jet-form-builder__field hidden-field\" name=\"_jet_engine_booking_form_id\" data-field-name=\"_jet_engine_booking_form_id\" value=\"1580\">\n<input type=\"hidden\" class=\"jet-form-builder__field hidden-field\" name=\"_jet_engine_refer\" data-field-name=\"_jet_engine_refer\" value=\"https:\/\/lifexmallorca.com\/en\/wp-json\/wp\/v2\/pages\/2097\/\">\n<input type=\"hidden\" class=\"jet-form-builder__field hidden-field\" name=\"__queried_post_id\" data-field-name=\"__queried_post_id\" value=\"2097\">\n\n<input type=\"hidden\" class=\"jet-form-builder__field hidden-field\" name=\"post_id\" data-field-name=\"post_id\" data-jfb-sync=\"null\" value=\"2097\">\n\n\n\n\n<div class=\"wp-block-columns is-layout-flex wp-container-core-columns-is-layout-28f84493 wp-block-columns-is-layout-flex\">\n<div class=\"wp-block-column is-layout-flow wp-block-column-is-layout-flow\"><div  class=\"jet-form-builder-row field-type-text-field\" >\n<div class=\"jet-form-builder__field-wrap\">\n\t\t\t\t<input placeholder=\"Nombre*\" required=\"required\" name=\"_nombre\" id=\"_nombre\" type=\"text\" data-field-name=\"_nombre\" class=\"jet-form-builder__field text-field\" data-jfb-sync=\"null\" autocomplete=\"off_q1WwMsGe\">\n\t\t\t\t\t<\/div>\n<\/div><\/div>\n\n\n\n<div class=\"wp-block-column is-layout-flow wp-block-column-is-layout-flow\"><div  class=\"jet-form-builder-row field-type-text-field\" >\n<div class=\"jet-form-builder__field-wrap\">\n\t\t\t\t<input placeholder=\"Email*\" required=\"required\" name=\"_email\" id=\"_email\" type=\"email\" data-field-name=\"_email\" class=\"jet-form-builder__field text-field\" data-jfb-sync=\"null\" autocomplete=\"off_n7mxWNrl\">\n\t\t\t\t\t<\/div>\n<\/div><\/div>\n<\/div>\n\n\n\n<div class=\"wp-block-columns is-layout-flex wp-container-core-columns-is-layout-28f84493 wp-block-columns-is-layout-flex\">\n<div class=\"wp-block-column is-layout-flow wp-block-column-is-layout-flow\"><div  data-validation-type=\"advanced\" data-validation-rules=\"[{&quot;__visible&quot;:true,&quot;type&quot;:&quot;regexp&quot;,&quot;message&quot;:&quot;Ingresa un tel\u00e9fono v\u00e1lido&quot;,&quot;value&quot;:&quot;^(\\\\+\\\\d{1,3}\\\\s?)?(\\\\d\\\\s?){9,15}$&quot;}]\" data-validation-messages=\"{&quot;empty&quot;:&quot;Rellena este campo por favor&quot;}\" class=\"jet-form-builder-row field-type-text-field\" >\n<div class=\"jet-form-builder__field-wrap\">\n\t\t\t\t<input placeholder=\"Tel\u00e9fono*\" required=\"required\" name=\"_telefono\" id=\"_telefono\" type=\"tel\" data-field-name=\"_telefono\" class=\"jet-form-builder__field text-field\" data-jfb-sync=\"null\" autocomplete=\"off_CIO2Lk98\">\n\t\t\t\t\t<\/div>\n<\/div><\/div>\n\n\n\n<div class=\"wp-block-column is-layout-flow wp-block-column-is-layout-flow\"><div  class=\"jet-form-builder-row field-type-select-field wp-block-jet-forms-select-field\">\n<div class=\"jet-form-builder__field-wrap\">\n\t<select class=\"jet-form-builder__field select-field\" name=\"_desplegable_colaboradores\" data-field-name=\"_desplegable_colaboradores\" id=\"_desplegable_colaboradores\" data-jfb-sync=\"null\">\n\t\t<option value=\"\"  selected>\u00bfc\u00f3mo quieres formar parte de LIFEX?<\/option><option value=\"asistente\" >Asistente<\/option><option value=\"expositor\" >Expositor<\/option><option value=\"patrocinador\" >Patrocinador<\/option><option value=\"prensa\" >Prensa<\/option>\t<\/select>\n<\/div>\n<\/div><\/div>\n<\/div>\n\n\n\n<div class=\"wp-block-columns is-layout-flex wp-container-core-columns-is-layout-28f84493 wp-block-columns-is-layout-flex\">\n<div class=\"wp-block-column is-layout-flow wp-block-column-is-layout-flow\"><div  class=\"jet-form-builder-row field-type-textarea-field\" >\n<div class=\"jet-form-builder__field-wrap\">\n\t\t<textarea class=\"jet-form-builder__field textarea-field\" placeholder=\"Cu\u00e9ntantos en qu\u00e9 podemos ayudarte o c\u00f3mo te gustar\u00eda formar parte de LIFEX...\" name=\"_mensaje\" data-field-name=\"_mensaje\" id=\"_mensaje\" data-jfb-sync=\"null\"><\/textarea>\n\t<\/div>\n<\/div><\/div>\n<\/div>\n\n\n<div  class=\"jet-form-builder-row field-type-radio-field wp-block-jet-forms-radio-field\">\n<div class=\"jet-form-builder__fields-group checkradio-wrap\" data-jfb-sync><div class=\"jet-form-builder__field-wrap radio-wrap checkradio-wrap\"><label class=\"jet-form-builder__field-label for-radio\">\n<input type=\"radio\" name=\"_aceptacion\" value=\"aceptada\" data-field-name=\"_aceptacion\"  class=\"jet-form-builder__field radio-field checkradio-field\" required=\"required\"><span>Acepto la <a href=\"\/politica-de-privacidad-y-proteccion-de-datos\/\" target=\"blank_\">pol\u00edtica de privacidad.<\/a><\/span><\/label><\/div><\/div>\n<\/div>\n\n<input type=\"hidden\" class=\"captcha-token\" name=\"_captcha_token\" value=\"\"\/><div  class=\"jet-form-builder-row field-type-submit-field\" >\n\t<div data-type=\"submit\" class=\"jet-form-builder__action-button-wrapper jet-form-builder__submit-wrap\">\n\t<button class=\"jet-form-builder__action-button form-white-arrow jet-form-builder__submit submit-type-ajax\" type=\"submit\">Enviar<\/button>\n\t<\/div>\n\t\n<\/div>\n\n\n<p><\/p>\n\t<div class=\"jet-form-builder-messages-wrap\" data-form-id=\"1580\"><\/div>\n<\/form>\n\t\t\t\t<\/div>\n\t\t\t\t<\/div>\n\t\t\t\t<\/div>\n\t\t\t\t<\/div>\n\t\t\t\t<\/div>\n\t\t<a class=\"elementor-element elementor-element-7dc3965 e-con-full e-flex e-con e-parent\" data-id=\"7dc3965\" data-element_type=\"container\" data-e-type=\"container\" href=\"https:\/\/maps.app.goo.gl\/k6WhoSGwHoEsXbuM6\" target=\"_blank\" rel=\"nofollow\">\n\t\t\t\t<\/a>\n\t\t\t\t<\/div>\n\t\t","protected":false},"excerpt":{"rendered":"<p>Be part of the Lifex experience LIFEX is more than just an event; it\u2019s an experience designed for those looking to develop. Let us know how you\u2019d like to get involved and our team will be in touch. Address Cam\u00ed Vell de llucmajor, 112 07007 Palma de Mallorca Balearic Islands, Spain. Contact (+34) 971 545 [&hellip;]<\/p>\n","protected":false},"author":1,"featured_media":0,"parent":0,"menu_order":0,"comment_status":"closed","ping_status":"closed","template":"","meta":{"_acf_changed":false,"footnotes":""},"class_list":["post-2097","page","type-page","status-publish","hentry"],"acf":[],"yoast_head":"<!-- This site is optimized with the Yoast SEO plugin v27.6 - https:\/\/yoast.com\/product\/yoast-seo-wordpress\/ -->\n<title>Contact | Lifex<\/title>\n<meta name=\"robots\" content=\"noindex, follow, max-snippet:-1, max-image-preview:large, max-video-preview:-1\" \/>\n<meta property=\"og:locale\" content=\"en_US\" \/>\n<meta property=\"og:type\" content=\"article\" \/>\n<meta property=\"og:title\" content=\"Contact | Lifex\" \/>\n<meta property=\"og:description\" content=\"Be part of the Lifex experience LIFEX is more than just an event; it\u2019s an experience designed for those looking to develop. Let us know how you\u2019d like to get involved and our team will be in touch. Address Cam\u00ed Vell de llucmajor, 112 07007 Palma de Mallorca Balearic Islands, Spain. Contact (+34) 971 545 [&hellip;]\" \/>\n<meta property=\"og:url\" content=\"https:\/\/lifexmallorca.com\/en\/contact\/\" \/>\n<meta property=\"og:site_name\" content=\"Lifex\" \/>\n<meta property=\"article:publisher\" content=\"https:\/\/www.facebook.com\/profile.php?id=61575740889559\" \/>\n<meta property=\"article:modified_time\" content=\"2026-05-12T12:54:40+00:00\" \/>\n<meta name=\"twitter:card\" content=\"summary_large_image\" \/>\n<script type=\"application\/ld+json\" class=\"yoast-schema-graph\">{\"@context\":\"https:\\\/\\\/schema.org\",\"@graph\":[{\"@type\":\"WebPage\",\"@id\":\"https:\\\/\\\/lifexmallorca.com\\\/en\\\/contact\\\/\",\"url\":\"https:\\\/\\\/lifexmallorca.com\\\/en\\\/contact\\\/\",\"name\":\"Contact | Lifex\",\"isPartOf\":{\"@id\":\"https:\\\/\\\/lifexmallorca.com\\\/#website\"},\"datePublished\":\"2026-04-01T09:14:26+00:00\",\"dateModified\":\"2026-05-12T12:54:40+00:00\",\"breadcrumb\":{\"@id\":\"https:\\\/\\\/lifexmallorca.com\\\/en\\\/contact\\\/#breadcrumb\"},\"inLanguage\":\"en-US\",\"potentialAction\":[{\"@type\":\"ReadAction\",\"target\":[\"https:\\\/\\\/lifexmallorca.com\\\/en\\\/contact\\\/\"]}]},{\"@type\":\"BreadcrumbList\",\"@id\":\"https:\\\/\\\/lifexmallorca.com\\\/en\\\/contact\\\/#breadcrumb\",\"itemListElement\":[{\"@type\":\"ListItem\",\"position\":1,\"name\":\"Inicio\",\"item\":\"https:\\\/\\\/lifexmallorca.com\\\/en\\\/home\\\/\"},{\"@type\":\"ListItem\",\"position\":2,\"name\":\"Contact\"}]},{\"@type\":\"WebSite\",\"@id\":\"https:\\\/\\\/lifexmallorca.com\\\/#website\",\"url\":\"https:\\\/\\\/lifexmallorca.com\\\/\",\"name\":\"Lifex\",\"description\":\"Mallorca 2026\",\"publisher\":{\"@id\":\"https:\\\/\\\/lifexmallorca.com\\\/#organization\"},\"potentialAction\":[{\"@type\":\"SearchAction\",\"target\":{\"@type\":\"EntryPoint\",\"urlTemplate\":\"https:\\\/\\\/lifexmallorca.com\\\/?s={search_term_string}\"},\"query-input\":{\"@type\":\"PropertyValueSpecification\",\"valueRequired\":true,\"valueName\":\"search_term_string\"}}],\"inLanguage\":\"en-US\"},{\"@type\":\"Organization\",\"@id\":\"https:\\\/\\\/lifexmallorca.com\\\/#organization\",\"name\":\"Lifex\",\"url\":\"https:\\\/\\\/lifexmallorca.com\\\/\",\"logo\":{\"@type\":\"ImageObject\",\"inLanguage\":\"en-US\",\"@id\":\"https:\\\/\\\/lifexmallorca.com\\\/#\\\/schema\\\/logo\\\/image\\\/\",\"url\":\"https:\\\/\\\/lifexmallorca.com\\\/wp-content\\\/uploads\\\/2026\\\/04\\\/Logo-lifex-dark.svg\",\"contentUrl\":\"https:\\\/\\\/lifexmallorca.com\\\/wp-content\\\/uploads\\\/2026\\\/04\\\/Logo-lifex-dark.svg\",\"width\":273,\"height\":82,\"caption\":\"Lifex\"},\"image\":{\"@id\":\"https:\\\/\\\/lifexmallorca.com\\\/#\\\/schema\\\/logo\\\/image\\\/\"},\"sameAs\":[\"https:\\\/\\\/www.facebook.com\\\/profile.php?id=61575740889559\",\"https:\\\/\\\/www.instagram.com\\\/lifexmallorca\\\/\"]}]}<\/script>\n<!-- \/ Yoast SEO plugin. -->","yoast_head_json":{"title":"Contact | Lifex","robots":{"index":"noindex","follow":"follow","max-snippet":"max-snippet:-1","max-image-preview":"max-image-preview:large","max-video-preview":"max-video-preview:-1"},"og_locale":"en_US","og_type":"article","og_title":"Contact | Lifex","og_description":"Be part of the Lifex experience LIFEX is more than just an event; it\u2019s an experience designed for those looking to develop. Let us know how you\u2019d like to get involved and our team will be in touch. Address Cam\u00ed Vell de llucmajor, 112 07007 Palma de Mallorca Balearic Islands, Spain. Contact (+34) 971 545 [&hellip;]","og_url":"https:\/\/lifexmallorca.com\/en\/contact\/","og_site_name":"Lifex","article_publisher":"https:\/\/www.facebook.com\/profile.php?id=61575740889559","article_modified_time":"2026-05-12T12:54:40+00:00","twitter_card":"summary_large_image","schema":{"@context":"https:\/\/schema.org","@graph":[{"@type":"WebPage","@id":"https:\/\/lifexmallorca.com\/en\/contact\/","url":"https:\/\/lifexmallorca.com\/en\/contact\/","name":"Contact | Lifex","isPartOf":{"@id":"https:\/\/lifexmallorca.com\/#website"},"datePublished":"2026-04-01T09:14:26+00:00","dateModified":"2026-05-12T12:54:40+00:00","breadcrumb":{"@id":"https:\/\/lifexmallorca.com\/en\/contact\/#breadcrumb"},"inLanguage":"en-US","potentialAction":[{"@type":"ReadAction","target":["https:\/\/lifexmallorca.com\/en\/contact\/"]}]},{"@type":"BreadcrumbList","@id":"https:\/\/lifexmallorca.com\/en\/contact\/#breadcrumb","itemListElement":[{"@type":"ListItem","position":1,"name":"Inicio","item":"https:\/\/lifexmallorca.com\/en\/home\/"},{"@type":"ListItem","position":2,"name":"Contact"}]},{"@type":"WebSite","@id":"https:\/\/lifexmallorca.com\/#website","url":"https:\/\/lifexmallorca.com\/","name":"Lifex","description":"Mallorca 2026","publisher":{"@id":"https:\/\/lifexmallorca.com\/#organization"},"potentialAction":[{"@type":"SearchAction","target":{"@type":"EntryPoint","urlTemplate":"https:\/\/lifexmallorca.com\/?s={search_term_string}"},"query-input":{"@type":"PropertyValueSpecification","valueRequired":true,"valueName":"search_term_string"}}],"inLanguage":"en-US"},{"@type":"Organization","@id":"https:\/\/lifexmallorca.com\/#organization","name":"Lifex","url":"https:\/\/lifexmallorca.com\/","logo":{"@type":"ImageObject","inLanguage":"en-US","@id":"https:\/\/lifexmallorca.com\/#\/schema\/logo\/image\/","url":"https:\/\/lifexmallorca.com\/wp-content\/uploads\/2026\/04\/Logo-lifex-dark.svg","contentUrl":"https:\/\/lifexmallorca.com\/wp-content\/uploads\/2026\/04\/Logo-lifex-dark.svg","width":273,"height":82,"caption":"Lifex"},"image":{"@id":"https:\/\/lifexmallorca.com\/#\/schema\/logo\/image\/"},"sameAs":["https:\/\/www.facebook.com\/profile.php?id=61575740889559","https:\/\/www.instagram.com\/lifexmallorca\/"]}]}},"_links":{"self":[{"href":"https:\/\/lifexmallorca.com\/en\/wp-json\/wp\/v2\/pages\/2097","targetHints":{"allow":["GET"]}}],"collection":[{"href":"https:\/\/lifexmallorca.com\/en\/wp-json\/wp\/v2\/pages"}],"about":[{"href":"https:\/\/lifexmallorca.com\/en\/wp-json\/wp\/v2\/types\/page"}],"author":[{"embeddable":true,"href":"https:\/\/lifexmallorca.com\/en\/wp-json\/wp\/v2\/users\/1"}],"replies":[{"embeddable":true,"href":"https:\/\/lifexmallorca.com\/en\/wp-json\/wp\/v2\/comments?post=2097"}],"version-history":[{"count":2,"href":"https:\/\/lifexmallorca.com\/en\/wp-json\/wp\/v2\/pages\/2097\/revisions"}],"predecessor-version":[{"id":2099,"href":"https:\/\/lifexmallorca.com\/en\/wp-json\/wp\/v2\/pages\/2097\/revisions\/2099"}],"wp:attachment":[{"href":"https:\/\/lifexmallorca.com\/en\/wp-json\/wp\/v2\/media?parent=2097"}],"curies":[{"name":"wp","href":"https:\/\/api.w.org\/{rel}","templated":true}]}}